{"id":2,"date":"2024-05-30T12:03:29","date_gmt":"2024-05-30T12:03:29","guid":{"rendered":"http:\/\/pyxsuha.cluster023.hosting.ovh.net\/?page_id=2"},"modified":"2025-03-20T14:42:49","modified_gmt":"2025-03-20T14:42:49","slug":"sample-page","status":"publish","type":"page","link":"https:\/\/flexchem.pl\/","title":{"rendered":"Firma Flexchem zajmuje si\u0119 dystrybucj\u0105 technicznych tworzyw sztucznych oraz dodatk\u00f3w do przetw\u00f3rstwa."},"content":{"rendered":"\n<p>Posiadamy wieloletnie do\u015bwiadczenie zdobyte w mi\u0119dzynarodowych firmach, zar\u00f3wno dystrybucyjnych jak i produkcyjnych.<\/p>\n\n\n\n<p>W naszym portfolio znajdziecie Pa\u0144stwo tworzywa techniczne od renomowanych producent\u00f3w europejskich oraz dodatki do przetw\u00f3rstwa tworzyw i masterbatch\u2019e.<\/p>\n\n\n\n<p>Zapraszam do kontaktu w celu przedstawienia dopasowanej do Pa\u0144stwa oczekiwa\u0144 oferty i powi\u0119kszenia bazy dostawc\u00f3w.<\/p>\n\n\n\n<div class=\"wp-block-media-text is-stacked-on-mobile\"><figure class=\"wp-block-media-text__media\"><img fetchpriority=\"high\" decoding=\"async\" width=\"1024\" height=\"1024\" src=\"http:\/\/pyxsuha.cluster023.hosting.ovh.net\/wp-content\/uploads\/2024\/05\/brandmark-design-1800x0-1-1024x1024.png\" alt=\"\" class=\"wp-image-61 size-full\" srcset=\"https:\/\/flexchem.pl\/wp-content\/uploads\/2024\/05\/brandmark-design-1800x0-1-1024x1024.png 1024w, https:\/\/flexchem.pl\/wp-content\/uploads\/2024\/05\/brandmark-design-1800x0-1-300x300.png 300w, https:\/\/flexchem.pl\/wp-content\/uploads\/2024\/05\/brandmark-design-1800x0-1-150x150.png 150w, https:\/\/flexchem.pl\/wp-content\/uploads\/2024\/05\/brandmark-design-1800x0-1-768x768.png 768w, https:\/\/flexchem.pl\/wp-content\/uploads\/2024\/05\/brandmark-design-1800x0-1-1536x1536.png 1536w, https:\/\/flexchem.pl\/wp-content\/uploads\/2024\/05\/brandmark-design-1800x0-1.png 1800w\" sizes=\"(max-width: 1024px) 100vw, 1024px\" \/><\/figure><div class=\"wp-block-media-text__content\">\n<p>Zapraszamy do kontaktu<\/p>\n\n\n\n<p><br><strong>Mariusz Piasecki<\/strong><\/p>\n\n\n\n<p><strong>tel. +48 575 883 627<\/strong><\/p>\n\n\n\n<p><strong>m.piasecki@flexchem.pl<\/strong><\/p>\n<\/div><\/div>\n","protected":false},"excerpt":{"rendered":"<p>Posiadamy wieloletnie do\u015bwiadczenie zdobyte w mi\u0119dzynarodowych firmach, zar\u00f3wno dystrybucyjnych jak i produkcyjnych. W naszym portfolio znajdziecie Pa\u0144stwo tworzywa techniczne od renomowanych producent\u00f3w europejskich oraz dodatki do przetw\u00f3rstwa tworzyw i masterbatch\u2019e. Zapraszam do kontaktu w celu przedstawienia dopasowanej do Pa\u0144stwa oczekiwa\u0144 oferty i powi\u0119kszenia bazy dostawc\u00f3w. Zapraszamy do kontaktu Mariusz Piasecki tel. +48 575 883 627 [&hellip;]<\/p>\n","protected":false},"author":1,"featured_media":58,"parent":0,"menu_order":0,"comment_status":"closed","ping_status":"open","template":"","meta":{"_themeisle_gutenberg_block_has_review":false,"footnotes":""},"class_list":["post-2","page","type-page","status-publish","has-post-thumbnail","hentry"],"_links":{"self":[{"href":"https:\/\/flexchem.pl\/index.php\/wp-json\/wp\/v2\/pages\/2","targetHints":{"allow":["GET"]}}],"collection":[{"href":"https:\/\/flexchem.pl\/index.php\/wp-json\/wp\/v2\/pages"}],"about":[{"href":"https:\/\/flexchem.pl\/index.php\/wp-json\/wp\/v2\/types\/page"}],"author":[{"embeddable":true,"href":"https:\/\/flexchem.pl\/index.php\/wp-json\/wp\/v2\/users\/1"}],"replies":[{"embeddable":true,"href":"https:\/\/flexchem.pl\/index.php\/wp-json\/wp\/v2\/comments?post=2"}],"version-history":[{"count":11,"href":"https:\/\/flexchem.pl\/index.php\/wp-json\/wp\/v2\/pages\/2\/revisions"}],"predecessor-version":[{"id":97,"href":"https:\/\/flexchem.pl\/index.php\/wp-json\/wp\/v2\/pages\/2\/revisions\/97"}],"wp:featuredmedia":[{"embeddable":true,"href":"https:\/\/flexchem.pl\/index.php\/wp-json\/wp\/v2\/media\/58"}],"wp:attachment":[{"href":"https:\/\/flexchem.pl\/index.php\/wp-json\/wp\/v2\/media?parent=2"}],"curies":[{"name":"wp","href":"https:\/\/api.w.org\/{rel}","templated":true}]}}